{"id":362,"date":"2021-08-17T17:03:43","date_gmt":"2021-08-17T17:03:43","guid":{"rendered":"https:\/\/demo.athemes.com\/botiga\/?page_id=362"},"modified":"2025-11-05T20:23:07","modified_gmt":"2025-11-05T23:23:07","slug":"home-2","status":"publish","type":"page","link":"https:\/\/casaantigua.com.br\/","title":{"rendered":"Bem-vindo!"},"content":{"rendered":"<div class=\"wp-block-image\">\n<figure class=\"aligncenter size-full is-resized\"><img data-recalc-dims=\"1\" loading=\"lazy\" decoding=\"async\" width=\"941\" height=\"626\" src=\"https:\/\/i0.wp.com\/casaantigua.com.br\/wp-content\/uploads\/2025\/10\/image-12.png?resize=941%2C626&#038;ssl=1\" alt=\"\" class=\"wp-image-554\" style=\"width:799px;height:auto\" srcset=\"https:\/\/i0.wp.com\/casaantigua.com.br\/wp-content\/uploads\/2025\/10\/image-12.png?w=941&amp;ssl=1 941w, https:\/\/i0.wp.com\/casaantigua.com.br\/wp-content\/uploads\/2025\/10\/image-12.png?resize=300%2C200&amp;ssl=1 300w, https:\/\/i0.wp.com\/casaantigua.com.br\/wp-content\/uploads\/2025\/10\/image-12.png?resize=768%2C511&amp;ssl=1 768w, https:\/\/i0.wp.com\/casaantigua.com.br\/wp-content\/uploads\/2025\/10\/image-12.png?resize=920%2C612&amp;ssl=1 920w, https:\/\/i0.wp.com\/casaantigua.com.br\/wp-content\/uploads\/2025\/10\/image-12.png?resize=575%2C383&amp;ssl=1 575w, https:\/\/i0.wp.com\/casaantigua.com.br\/wp-content\/uploads\/2025\/10\/image-12.png?resize=380%2C253&amp;ssl=1 380w, https:\/\/i0.wp.com\/casaantigua.com.br\/wp-content\/uploads\/2025\/10\/image-12.png?resize=420%2C279&amp;ssl=1 420w, https:\/\/i0.wp.com\/casaantigua.com.br\/wp-content\/uploads\/2025\/10\/image-12.png?resize=800%2C532&amp;ssl=1 800w\" sizes=\"auto, (max-width: 941px) 100vw, 941px\" \/><\/figure>\n<\/div>\n\n\n<h2 class=\"wp-block-heading has-text-align-center has-extra-large-font-size\">Casa Antigua: seja bem-vindo \u00e0 nossa casa.<\/h2>\n\n\n\n<p class=\"has-large-font-size\">Esta \u00e9 a sucinta apresenta\u00e7\u00e3o do nosso website e da nossa empresa, explicando como voc\u00ea pode selecionar e comprar nossos produtos. Seja bem-vindo. Estamos \u00e0 disposi\u00e7\u00e3o para solucionar qualquer d\u00favida 24\/7.<\/p>\n\n\n\n<figure class=\"wp-block-image size-full\"><img data-recalc-dims=\"1\" loading=\"lazy\" decoding=\"async\" width=\"1024\" height=\"683\" src=\"https:\/\/i0.wp.com\/casaantigua.com.br\/wp-content\/uploads\/2025\/10\/image-14.png?resize=1024%2C683&#038;ssl=1\" alt=\"\" class=\"wp-image-556\" srcset=\"https:\/\/i0.wp.com\/casaantigua.com.br\/wp-content\/uploads\/2025\/10\/image-14.png?w=1024&amp;ssl=1 1024w, https:\/\/i0.wp.com\/casaantigua.com.br\/wp-content\/uploads\/2025\/10\/image-14.png?resize=300%2C200&amp;ssl=1 300w, https:\/\/i0.wp.com\/casaantigua.com.br\/wp-content\/uploads\/2025\/10\/image-14.png?resize=768%2C512&amp;ssl=1 768w, https:\/\/i0.wp.com\/casaantigua.com.br\/wp-content\/uploads\/2025\/10\/image-14.png?resize=920%2C614&amp;ssl=1 920w, https:\/\/i0.wp.com\/casaantigua.com.br\/wp-content\/uploads\/2025\/10\/image-14.png?resize=575%2C384&amp;ssl=1 575w, https:\/\/i0.wp.com\/casaantigua.com.br\/wp-content\/uploads\/2025\/10\/image-14.png?resize=380%2C253&amp;ssl=1 380w, https:\/\/i0.wp.com\/casaantigua.com.br\/wp-content\/uploads\/2025\/10\/image-14.png?resize=420%2C280&amp;ssl=1 420w, https:\/\/i0.wp.com\/casaantigua.com.br\/wp-content\/uploads\/2025\/10\/image-14.png?resize=800%2C534&amp;ssl=1 800w\" sizes=\"auto, (max-width: 1024px) 100vw, 1024px\" \/><\/figure>\n\n\n\n<h2 class=\"wp-block-heading has-larger-font-size\">Casa Antigua. M\u00f3veis e objetos com o charme de antigamente.<\/h2>\n\n\n\n<ul class=\"wp-block-list\">\n<li>Mais de 1000 pe\u00e7as \u00fanicas.<\/li>\n\n\n\n<li>M\u00f3veis, objetos, acess\u00f3rios de decora\u00e7\u00e3o, itens de arquitetura.<\/li>\n\n\n\n<li>M\u00f3veis de madeiras nobres.<\/li>\n\n\n\n<li>Pe\u00e7as antigas e vintage.<\/li>\n\n\n\n<li>Bazar brech\u00f3 de pe\u00e7as selecionadas.<\/li>\n<\/ul>\n\n\n\n<h2 class=\"wp-block-heading has-larger-font-size\">Como comprar.<\/h2>\n\n\n\n<ul class=\"wp-block-list\">\n<li>N\u00e3o \u00e9 uma loja de venda on-line.<\/li>\n\n\n\n<li>Voc\u00ea seleciona os produtos desejados.<\/li>\n\n\n\n<li>E fala direto com a gente.<\/li>\n\n\n\n<li>Para combinar forma de pagamento e entrega.<\/li>\n\n\n\n<li>Boa garimpagem!<\/li>\n\n\n\n<li>Encontre aqui o m\u00f3vel ou objeto dos seus sonhos!<\/li>\n<\/ul>\n\n\n\n<h3 class=\"wp-block-heading has-text-align-center\">Categorias dos produtos.<\/h3>\n\n\n\n<div class=\"wp-block-columns is-layout-flex wp-container-core-columns-is-layout-28f84493 wp-block-columns-is-layout-flex\">\n<div class=\"wp-block-column is-layout-flow wp-block-column-is-layout-flow\">\n<figure class=\"wp-block-image size-full\"><img data-recalc-dims=\"1\" loading=\"lazy\" decoding=\"async\" width=\"598\" height=\"900\" src=\"https:\/\/i0.wp.com\/casaantigua.com.br\/wp-content\/uploads\/2025\/10\/image-15.png?resize=598%2C900&#038;ssl=1\" alt=\"\" class=\"wp-image-558\" srcset=\"https:\/\/i0.wp.com\/casaantigua.com.br\/wp-content\/uploads\/2025\/10\/image-15.png?w=598&amp;ssl=1 598w, https:\/\/i0.wp.com\/casaantigua.com.br\/wp-content\/uploads\/2025\/10\/image-15.png?resize=199%2C300&amp;ssl=1 199w, https:\/\/i0.wp.com\/casaantigua.com.br\/wp-content\/uploads\/2025\/10\/image-15.png?resize=575%2C865&amp;ssl=1 575w, https:\/\/i0.wp.com\/casaantigua.com.br\/wp-content\/uploads\/2025\/10\/image-15.png?resize=380%2C572&amp;ssl=1 380w, https:\/\/i0.wp.com\/casaantigua.com.br\/wp-content\/uploads\/2025\/10\/image-15.png?resize=420%2C632&amp;ssl=1 420w\" sizes=\"auto, (max-width: 598px) 100vw, 598px\" \/><\/figure>\n\n\n\n<p class=\"has-text-align-center\"><a style=\"text-decoration:none;\" href=\"https:\/\/demo.athemes.com\/botiga\/product-category\/cosmetics\/\" data-type=\"URL\" data-id=\"https:\/\/demo.athemes.com\/botiga\/product-category\/cosmetics\/\">M\u00f3veis<\/a><\/p>\n<\/div>\n\n\n\n<div class=\"wp-block-column is-layout-flow wp-block-column-is-layout-flow\">\n<figure class=\"wp-block-image size-full\"><img data-recalc-dims=\"1\" loading=\"lazy\" decoding=\"async\" width=\"602\" height=\"900\" src=\"https:\/\/i0.wp.com\/casaantigua.com.br\/wp-content\/uploads\/2025\/10\/image-16.png?resize=602%2C900&#038;ssl=1\" alt=\"\" class=\"wp-image-560\" srcset=\"https:\/\/i0.wp.com\/casaantigua.com.br\/wp-content\/uploads\/2025\/10\/image-16.png?w=602&amp;ssl=1 602w, https:\/\/i0.wp.com\/casaantigua.com.br\/wp-content\/uploads\/2025\/10\/image-16.png?resize=201%2C300&amp;ssl=1 201w, https:\/\/i0.wp.com\/casaantigua.com.br\/wp-content\/uploads\/2025\/10\/image-16.png?resize=575%2C860&amp;ssl=1 575w, https:\/\/i0.wp.com\/casaantigua.com.br\/wp-content\/uploads\/2025\/10\/image-16.png?resize=380%2C568&amp;ssl=1 380w, https:\/\/i0.wp.com\/casaantigua.com.br\/wp-content\/uploads\/2025\/10\/image-16.png?resize=420%2C628&amp;ssl=1 420w\" sizes=\"auto, (max-width: 602px) 100vw, 602px\" \/><\/figure>\n\n\n\n<p class=\"has-text-align-center\"><a style=\"text-decoration:none;\" href=\"https:\/\/demo.athemes.com\/botiga\/product-category\/cosmetics\/\" data-type=\"URL\" data-id=\"https:\/\/demo.athemes.com\/botiga\/product-category\/cosmetics\/\">Elementos de Arquitetura<\/a><\/p>\n<\/div>\n\n\n\n<div class=\"wp-block-column is-layout-flow wp-block-column-is-layout-flow\">\n<div class=\"wp-block-columns is-layout-flex wp-container-core-columns-is-layout-28f84493 wp-block-columns-is-layout-flex\">\n<div class=\"wp-block-column is-layout-flow wp-block-column-is-layout-flow\" style=\"flex-basis:100%\">\n<figure class=\"wp-block-image size-large\"><img data-recalc-dims=\"1\" loading=\"lazy\" decoding=\"async\" width=\"1024\" height=\"685\" src=\"https:\/\/i0.wp.com\/casaantigua.com.br\/wp-content\/uploads\/2025\/10\/image-21.png?resize=1024%2C685&#038;ssl=1\" alt=\"\" class=\"wp-image-565\" style=\"aspect-ratio:2\/3;object-fit:cover\" srcset=\"https:\/\/i0.wp.com\/casaantigua.com.br\/wp-content\/uploads\/2025\/10\/image-21.png?resize=1024%2C685&amp;ssl=1 1024w, https:\/\/i0.wp.com\/casaantigua.com.br\/wp-content\/uploads\/2025\/10\/image-21.png?resize=300%2C201&amp;ssl=1 300w, https:\/\/i0.wp.com\/casaantigua.com.br\/wp-content\/uploads\/2025\/10\/image-21.png?resize=768%2C514&amp;ssl=1 768w, https:\/\/i0.wp.com\/casaantigua.com.br\/wp-content\/uploads\/2025\/10\/image-21.png?resize=1140%2C763&amp;ssl=1 1140w, https:\/\/i0.wp.com\/casaantigua.com.br\/wp-content\/uploads\/2025\/10\/image-21.png?resize=920%2C616&amp;ssl=1 920w, https:\/\/i0.wp.com\/casaantigua.com.br\/wp-content\/uploads\/2025\/10\/image-21.png?resize=575%2C385&amp;ssl=1 575w, https:\/\/i0.wp.com\/casaantigua.com.br\/wp-content\/uploads\/2025\/10\/image-21.png?resize=380%2C254&amp;ssl=1 380w, https:\/\/i0.wp.com\/casaantigua.com.br\/wp-content\/uploads\/2025\/10\/image-21.png?resize=420%2C281&amp;ssl=1 420w, https:\/\/i0.wp.com\/casaantigua.com.br\/wp-content\/uploads\/2025\/10\/image-21.png?resize=800%2C535&amp;ssl=1 800w, https:\/\/i0.wp.com\/casaantigua.com.br\/wp-content\/uploads\/2025\/10\/image-21.png?w=1200&amp;ssl=1 1200w\" sizes=\"auto, (max-width: 1024px) 100vw, 1024px\" \/><\/figure>\n<\/div>\n<\/div>\n\n\n\n<p class=\"has-text-align-center\">Acess\u00f3rios<\/p>\n<\/div>\n\n\n\n<div class=\"wp-block-column is-layout-flow wp-block-column-is-layout-flow\">\n<figure class=\"wp-block-image size-full\"><img data-recalc-dims=\"1\" loading=\"lazy\" decoding=\"async\" width=\"598\" height=\"900\" src=\"https:\/\/i0.wp.com\/casaantigua.com.br\/wp-content\/uploads\/2025\/10\/image-19.png?resize=598%2C900&#038;ssl=1\" alt=\"\" class=\"wp-image-563\" srcset=\"https:\/\/i0.wp.com\/casaantigua.com.br\/wp-content\/uploads\/2025\/10\/image-19.png?w=598&amp;ssl=1 598w, https:\/\/i0.wp.com\/casaantigua.com.br\/wp-content\/uploads\/2025\/10\/image-19.png?resize=199%2C300&amp;ssl=1 199w, https:\/\/i0.wp.com\/casaantigua.com.br\/wp-content\/uploads\/2025\/10\/image-19.png?resize=575%2C865&amp;ssl=1 575w, https:\/\/i0.wp.com\/casaantigua.com.br\/wp-content\/uploads\/2025\/10\/image-19.png?resize=380%2C572&amp;ssl=1 380w, https:\/\/i0.wp.com\/casaantigua.com.br\/wp-content\/uploads\/2025\/10\/image-19.png?resize=420%2C632&amp;ssl=1 420w\" sizes=\"auto, (max-width: 598px) 100vw, 598px\" \/><\/figure>\n\n\n\n<p class=\"has-text-align-center\"><a style=\"text-decoration:none;\" href=\"https:\/\/demo.athemes.com\/botiga\/product-category\/cosmetics\/\">Objetos<\/a><\/p>\n<\/div>\n<\/div>\n\n\n\n<h3 class=\"wp-block-heading has-text-align-center\">Detalhes que fazem a diferen\u00e7a.<\/h3>\n\n\n\n<p class=\"has-text-align-center\">Charme, estilo, madeiras nobres &#8211; pe\u00e7as \u00fanicas, exclusivas, que contam est\u00f3rias e criam belas mem\u00f3rias. <\/p>\n\n\n\n<figure class=\"wp-block-gallery has-nested-images columns-default is-cropped wp-block-gallery-1 is-layout-flex wp-block-gallery-is-layout-flex\">\n<figure class=\"wp-block-image size-large\"><img data-recalc-dims=\"1\" loading=\"lazy\" decoding=\"async\" width=\"600\" height=\"900\" data-id=\"578\" src=\"https:\/\/i0.wp.com\/casaantigua.com.br\/wp-content\/uploads\/2025\/10\/mesadecha-3.jpg?resize=600%2C900&#038;ssl=1\" alt=\"\" class=\"wp-image-578\" srcset=\"https:\/\/i0.wp.com\/casaantigua.com.br\/wp-content\/uploads\/2025\/10\/mesadecha-3.jpg?w=600&amp;ssl=1 600w, https:\/\/i0.wp.com\/casaantigua.com.br\/wp-content\/uploads\/2025\/10\/mesadecha-3.jpg?resize=200%2C300&amp;ssl=1 200w, https:\/\/i0.wp.com\/casaantigua.com.br\/wp-content\/uploads\/2025\/10\/mesadecha-3.jpg?resize=575%2C863&amp;ssl=1 575w, https:\/\/i0.wp.com\/casaantigua.com.br\/wp-content\/uploads\/2025\/10\/mesadecha-3.jpg?resize=380%2C570&amp;ssl=1 380w, https:\/\/i0.wp.com\/casaantigua.com.br\/wp-content\/uploads\/2025\/10\/mesadecha-3.jpg?resize=420%2C630&amp;ssl=1 420w\" sizes=\"auto, (max-width: 600px) 100vw, 600px\" \/><\/figure>\n\n\n\n<figure class=\"wp-block-image size-large\"><img data-recalc-dims=\"1\" loading=\"lazy\" decoding=\"async\" width=\"589\" height=\"900\" data-id=\"579\" src=\"https:\/\/i0.wp.com\/casaantigua.com.br\/wp-content\/uploads\/2025\/10\/farmacia-3.jpg?resize=589%2C900&#038;ssl=1\" alt=\"\" class=\"wp-image-579\" srcset=\"https:\/\/i0.wp.com\/casaantigua.com.br\/wp-content\/uploads\/2025\/10\/farmacia-3.jpg?w=589&amp;ssl=1 589w, https:\/\/i0.wp.com\/casaantigua.com.br\/wp-content\/uploads\/2025\/10\/farmacia-3.jpg?resize=196%2C300&amp;ssl=1 196w, https:\/\/i0.wp.com\/casaantigua.com.br\/wp-content\/uploads\/2025\/10\/farmacia-3.jpg?resize=575%2C879&amp;ssl=1 575w, https:\/\/i0.wp.com\/casaantigua.com.br\/wp-content\/uploads\/2025\/10\/farmacia-3.jpg?resize=380%2C581&amp;ssl=1 380w, https:\/\/i0.wp.com\/casaantigua.com.br\/wp-content\/uploads\/2025\/10\/farmacia-3.jpg?resize=420%2C642&amp;ssl=1 420w\" sizes=\"auto, (max-width: 589px) 100vw, 589px\" \/><\/figure>\n\n\n\n<figure class=\"wp-block-image size-large\"><img data-recalc-dims=\"1\" loading=\"lazy\" decoding=\"async\" width=\"598\" height=\"900\" data-id=\"580\" src=\"https:\/\/i0.wp.com\/casaantigua.com.br\/wp-content\/uploads\/2025\/10\/armariocomvestido-1.jpg?resize=598%2C900&#038;ssl=1\" alt=\"\" class=\"wp-image-580\" srcset=\"https:\/\/i0.wp.com\/casaantigua.com.br\/wp-content\/uploads\/2025\/10\/armariocomvestido-1.jpg?w=598&amp;ssl=1 598w, https:\/\/i0.wp.com\/casaantigua.com.br\/wp-content\/uploads\/2025\/10\/armariocomvestido-1.jpg?resize=199%2C300&amp;ssl=1 199w, https:\/\/i0.wp.com\/casaantigua.com.br\/wp-content\/uploads\/2025\/10\/armariocomvestido-1.jpg?resize=575%2C865&amp;ssl=1 575w, https:\/\/i0.wp.com\/casaantigua.com.br\/wp-content\/uploads\/2025\/10\/armariocomvestido-1.jpg?resize=380%2C572&amp;ssl=1 380w, https:\/\/i0.wp.com\/casaantigua.com.br\/wp-content\/uploads\/2025\/10\/armariocomvestido-1.jpg?resize=420%2C632&amp;ssl=1 420w\" sizes=\"auto, (max-width: 598px) 100vw, 598px\" \/><\/figure>\n<\/figure>\n\n\n\n<p>Obs.: imagens meramente ilustrativas, mostrando ambientes anteriormente montados em nossas lojas, showrooms e em resid\u00eancias e neg\u00f3cios de nossos clientes. Possivelmente algumas pe\u00e7as ainda se encontram \u00e0 venda, enquanto outras n\u00e3o.<\/p>\n\n\n\n<div class=\"wp-block-cover\"><img data-recalc-dims=\"1\" loading=\"lazy\" decoding=\"async\" width=\"1024\" height=\"685\" class=\"wp-block-cover__image-background wp-image-582\" alt=\"\" src=\"https:\/\/i0.wp.com\/casaantigua.com.br\/wp-content\/uploads\/2025\/10\/registro-Copy.jpg?resize=1024%2C685&#038;ssl=1\" data-object-fit=\"cover\" srcset=\"https:\/\/i0.wp.com\/casaantigua.com.br\/wp-content\/uploads\/2025\/10\/registro-Copy.jpg?resize=1024%2C685&amp;ssl=1 1024w, https:\/\/i0.wp.com\/casaantigua.com.br\/wp-content\/uploads\/2025\/10\/registro-Copy.jpg?resize=300%2C201&amp;ssl=1 300w, https:\/\/i0.wp.com\/casaantigua.com.br\/wp-content\/uploads\/2025\/10\/registro-Copy.jpg?resize=768%2C514&amp;ssl=1 768w, https:\/\/i0.wp.com\/casaantigua.com.br\/wp-content\/uploads\/2025\/10\/registro-Copy.jpg?resize=1140%2C763&amp;ssl=1 1140w, https:\/\/i0.wp.com\/casaantigua.com.br\/wp-content\/uploads\/2025\/10\/registro-Copy.jpg?resize=920%2C616&amp;ssl=1 920w, https:\/\/i0.wp.com\/casaantigua.com.br\/wp-content\/uploads\/2025\/10\/registro-Copy.jpg?resize=575%2C385&amp;ssl=1 575w, https:\/\/i0.wp.com\/casaantigua.com.br\/wp-content\/uploads\/2025\/10\/registro-Copy.jpg?resize=380%2C254&amp;ssl=1 380w, https:\/\/i0.wp.com\/casaantigua.com.br\/wp-content\/uploads\/2025\/10\/registro-Copy.jpg?resize=420%2C281&amp;ssl=1 420w, https:\/\/i0.wp.com\/casaantigua.com.br\/wp-content\/uploads\/2025\/10\/registro-Copy.jpg?resize=800%2C535&amp;ssl=1 800w, https:\/\/i0.wp.com\/casaantigua.com.br\/wp-content\/uploads\/2025\/10\/registro-Copy.jpg?resize=80%2C54&amp;ssl=1 80w, https:\/\/i0.wp.com\/casaantigua.com.br\/wp-content\/uploads\/2025\/10\/registro-Copy.jpg?w=1200&amp;ssl=1 1200w\" sizes=\"auto, (max-width: 1024px) 100vw, 1024px\" \/><span aria-hidden=\"true\" class=\"wp-block-cover__background has-background-dim\"><\/span><div class=\"wp-block-cover__inner-container is-layout-flow wp-block-cover-is-layout-flow\">\n<p class=\"has-text-align-center has-large-font-size\"><\/p>\n<\/div><\/div>\n\n\n\n<p>Visite nosso Bazar Brech\u00f3 Beneficente, onde poder\u00e1 encontrar pe\u00e7as do seu interesse e ajudar a facilitar a vida dos doentes de ELA<\/p>\n","protected":false},"excerpt":{"rendered":"<p>Casa Antigua: seja bem-vindo \u00e0 nossa casa. Esta \u00e9 a sucinta apresenta\u00e7\u00e3o do nosso website e da nossa empresa, explicando como voc\u00ea pode selecionar e comprar nossos produtos. Seja bem-vindo. [&hellip;]<\/p>\n","protected":false},"author":1,"featured_media":0,"parent":0,"menu_order":0,"comment_status":"closed","ping_status":"closed","template":"","meta":{"footnotes":""},"class_list":["post-362","page","type-page","status-publish","hentry"],"jetpack_sharing_enabled":true,"_links":{"self":[{"href":"https:\/\/casaantigua.com.br\/index.php?rest_route=\/wp\/v2\/pages\/362","targetHints":{"allow":["GET"]}}],"collection":[{"href":"https:\/\/casaantigua.com.br\/index.php?rest_route=\/wp\/v2\/pages"}],"about":[{"href":"https:\/\/casaantigua.com.br\/index.php?rest_route=\/wp\/v2\/types\/page"}],"author":[{"embeddable":true,"href":"https:\/\/casaantigua.com.br\/index.php?rest_route=\/wp\/v2\/users\/1"}],"replies":[{"embeddable":true,"href":"https:\/\/casaantigua.com.br\/index.php?rest_route=%2Fwp%2Fv2%2Fcomments&post=362"}],"version-history":[{"count":18,"href":"https:\/\/casaantigua.com.br\/index.php?rest_route=\/wp\/v2\/pages\/362\/revisions"}],"predecessor-version":[{"id":622,"href":"https:\/\/casaantigua.com.br\/index.php?rest_route=\/wp\/v2\/pages\/362\/revisions\/622"}],"wp:attachment":[{"href":"https:\/\/casaantigua.com.br\/index.php?rest_route=%2Fwp%2Fv2%2Fmedia&parent=362"}],"curies":[{"name":"wp","href":"https:\/\/api.w.org\/{rel}","templated":true}]}}